{"id":1008,"date":"2026-02-09T11:20:08","date_gmt":"2026-02-09T11:20:08","guid":{"rendered":"https:\/\/dajmiczas.pl\/?page_id=1008"},"modified":"2026-02-12T12:53:09","modified_gmt":"2026-02-12T12:53:09","slug":"rodo","status":"publish","type":"page","link":"https:\/\/dajmiczas.pl\/index.php\/rodo\/","title":{"rendered":"Klauzula RODO"},"content":{"rendered":"<p>[et_pb_section fb_built=&#8221;1&#8243; _builder_version=&#8221;4.25.0&#8243; _module_preset=&#8221;default&#8221; background_color=&#8221;#00605f&#8221; use_background_color_gradient=&#8221;on&#8221; background_enable_pattern_style=&#8221;on&#8221; background_pattern_style=&#8221;zig-zag-2&#8243; min_height=&#8221;42px&#8221; filter_hue_rotate=&#8221;180deg&#8221; filter_saturate=&#8221;60%&#8221; filter_brightness=&#8221;116%&#8221; filter_invert=&#8221;100%&#8221; hover_enabled=&#8221;0&#8243; global_colors_info=&#8221;{}&#8221; sticky_enabled=&#8221;0&#8243;][et_pb_row _builder_version=&#8221;4.25.0&#8243; _module_preset=&#8221;default&#8221; global_colors_info=&#8221;{}&#8221;][et_pb_column type=&#8221;4_4&#8243; _builder_version=&#8221;4.25.0&#8243; _module_preset=&#8221;default&#8221; global_colors_info=&#8221;{}&#8221;][et_pb_heading title=&#8221;Klauzula RODO dotycz\u0105ca korespondencji e-mail:&#8221; _builder_version=&#8221;4.25.0&#8243; _module_preset=&#8221;default&#8221; title_level=&#8221;h6&#8243; title_font=&#8221;Georgia|700|||||||&#8221; title_text_align=&#8221;center&#8221; title_text_color=&#8221;#000000&#8243; title_font_size=&#8221;48px&#8221; background_color=&#8221;RGBA(255,255,255,0)&#8221; hover_enabled=&#8221;0&#8243; title_font_size_tablet=&#8221;48px&#8221; title_font_size_phone=&#8221;42px&#8221; title_font_size_last_edited=&#8221;on|phone&#8221; title_text_shadow_style=&#8221;preset3&#8243; global_colors_info=&#8221;{}&#8221; sticky_enabled=&#8221;0&#8243;][\/et_pb_heading][\/et_pb_column][\/et_pb_row][et_pb_row _builder_version=&#8221;4.25.0&#8243; _module_preset=&#8221;default&#8221; hover_enabled=&#8221;0&#8243; global_colors_info=&#8221;{}&#8221; background_color=&#8221;rgba(0,0,0,0.76)&#8221; custom_padding=&#8221;2%|5%||5%|false|false&#8221; sticky_enabled=&#8221;0&#8243;][et_pb_column type=&#8221;4_4&#8243; _builder_version=&#8221;4.25.0&#8243; _module_preset=&#8221;default&#8221; global_colors_info=&#8221;{}&#8221;][et_pb_text _builder_version=&#8221;4.25.0&#8243; _module_preset=&#8221;default&#8221; text_font=&#8221;Georgia||||||||&#8221; header_font=&#8221;Georgia||||||||&#8221; hover_enabled=&#8221;0&#8243; global_colors_info=&#8221;{}&#8221; text_text_color=&#8221;#000000&#8243; sticky_enabled=&#8221;0&#8243;]<\/p>\n<h4 style=\"text-align: justify;\"><span style=\"color: #ffffff;\">Administratorem danych osobowych jest \u201eStowarzyszenie na\u00a0Rzecz Os\u00f3b Niepe\u0142nosprawnych, z\u00a0Autyzmem i\u00a0Zaburzeniami Pokrewnymi Daj Mi\u00a0Czas\u201d, ul.\u00a0Focha 19\/21, 42-217 Cz\u0119stochowa, tel.\u00a0514\u00a0871\u00a0371, e-mail: <a href=\"mailto:biuro@dajmiczas.pl\" style=\"color: #ffffff;\">biuro@dajmiczas.pl<\/a>. Administrator wyznaczy\u0142 inspektora ochrony danych, z\u00a0kt\u00f3rym\u00a0mo\u017cesz si\u0119 skontaktowa\u0107 wysy\u0142aj\u0105c informacj\u0119 na\u00a0podany adres administratora lub maila: <a href=\"mailto:rodo@dajmiczas.pl\" style=\"color: #ffffff;\">rodo@dajmiczas.pl<\/a>. Dane b\u0119d\u0105 przetwarzane na\u00a0podstawie \u00a0art. 6 ust. 1 lit. f\u00a0RODO (przetwarzanie jest niezb\u0119dne do\u00a0cel\u00f3w wynikaj\u0105cych z\u00a0prawnie uzasadnionych interes\u00f3w realizowanych przez\u00a0administratora lub przez\u00a0stron\u0119 trzeci\u0105). Dane osobowe b\u0119d\u0105 przetwarzane w\u00a0celu rozpatrzenia przes\u0142anej korespondencji, podj\u0119cia dalszych dzia\u0142a\u0144. Dane osobowe mog\u0105 by\u0107 przekazywane podmiotom przetwarzaj\u0105cym dane osobowe na\u00a0zlecenie administratora tj.\u00a0dostawcom us\u0142ug IT, a\u00a0tak\u017ce innym podmiotom na\u00a0podstawie przepis\u00f3w prawa powszechnie obowi\u0105zuj\u0105cego (przyk\u0142ad: na\u00a0wniosek s\u0105du, Policji). Dane osobowe b\u0119d\u0105 przetwarzane do\u00a0momentu zako\u0144czenia dzia\u0142a\u0144 lub przez\u00a0okres ustalony zgodnie z\u00a0przepisami dotycz\u0105cymi archiwizacji korespondencji w\u00a0Stowarzyszeniu, zgodnie z\u00a0obowi\u0105zuj\u0105cym prawem. Przys\u0142uguje Pani\/Panu prawo dost\u0119pu do\u00a0Pani\/Pana danych oraz\u00a0prawo \u017c\u0105dania ich sprostowania, prawo do\u00a0sprzeciwu, ich usuni\u0119cia je\u017celi dalsze przetwarzanie nie\u00a0jest przewidziane przepisami prawa, ograniczenia ich przetwarzania. Przys\u0142uguje prawo wniesienia skargi do\u00a0Prezesa Urz\u0119du Ochrony Danych Osobowych (uodo.gov.pl). Podanie danych osobowych jest dobrowolne, jednak\u017ce ich podanie jest warunkiem udzielenia odpowiedzi na\u00a0korespondencj\u0119. Je\u017celi nie\u00a0jeste\u015b zamierzonym odbiorc\u0105 tej\u00a0wiadomo\u015bci, prosimy o\u00a0niezw\u0142oczne jej usuni\u0119cie.<\/span><\/h4>\n<p>[\/et_pb_text][\/et_pb_column][\/et_pb_row][\/et_pb_section]<\/p>\n","protected":false},"excerpt":{"rendered":"<p>Administratorem danych osobowych jest \u201eStowarzyszenie na\u00a0Rzecz Os\u00f3b Niepe\u0142nosprawnych, z\u00a0Autyzmem i\u00a0Zaburzeniami Pokrewnymi Daj Mi\u00a0Czas\u201d, ul.\u00a0Focha 19\/21, 42-217 Cz\u0119stochowa, tel.\u00a0514\u00a0871\u00a0371, e-mail: biuro@dajmiczas.pl. Administrator wyznaczy\u0142 inspektora ochrony danych, z\u00a0kt\u00f3rym\u00a0mo\u017cesz si\u0119 skontaktowa\u0107 wysy\u0142aj\u0105c informacj\u0119 na\u00a0podany adres administratora lub maila: rodo@dajmiczas.pl. Dane b\u0119d\u0105 przetwarzane na\u00a0podstawie \u00a0art. 6 ust. 1 lit. f\u00a0RODO (przetwarzanie jest niezb\u0119dne do\u00a0cel\u00f3w wynikaj\u0105cych z\u00a0prawnie uzasadnionych interes\u00f3w realizowanych [&hellip;]<\/p>\n","protected":false},"author":2,"featured_media":0,"parent":0,"menu_order":0,"comment_status":"closed","ping_status":"closed","template":"","meta":{"_et_pb_use_builder":"on","_et_pb_old_content":"<!-- wp:divi\/placeholder \/-->","_et_gb_content_width":"","footnotes":""},"class_list":["post-1008","page","type-page","status-publish","hentry"],"_links":{"self":[{"href":"https:\/\/dajmiczas.pl\/index.php\/wp-json\/wp\/v2\/pages\/1008","targetHints":{"allow":["GET"]}}],"collection":[{"href":"https:\/\/dajmiczas.pl\/index.php\/wp-json\/wp\/v2\/pages"}],"about":[{"href":"https:\/\/dajmiczas.pl\/index.php\/wp-json\/wp\/v2\/types\/page"}],"author":[{"embeddable":true,"href":"https:\/\/dajmiczas.pl\/index.php\/wp-json\/wp\/v2\/users\/2"}],"replies":[{"embeddable":true,"href":"https:\/\/dajmiczas.pl\/index.php\/wp-json\/wp\/v2\/comments?post=1008"}],"version-history":[{"count":11,"href":"https:\/\/dajmiczas.pl\/index.php\/wp-json\/wp\/v2\/pages\/1008\/revisions"}],"predecessor-version":[{"id":1038,"href":"https:\/\/dajmiczas.pl\/index.php\/wp-json\/wp\/v2\/pages\/1008\/revisions\/1038"}],"wp:attachment":[{"href":"https:\/\/dajmiczas.pl\/index.php\/wp-json\/wp\/v2\/media?parent=1008"}],"curies":[{"name":"wp","href":"https:\/\/api.w.org\/{rel}","templated":true}]}}