{"id":300,"date":"2025-08-13T08:51:34","date_gmt":"2025-08-13T08:51:34","guid":{"rendered":"https:\/\/dajmiczas.pl\/?page_id=300"},"modified":"2025-09-15T10:20:07","modified_gmt":"2025-09-15T10:20:07","slug":"sie-maluje","status":"publish","type":"page","link":"https:\/\/dajmiczas.pl\/index.php\/sie-maluje\/","title":{"rendered":"&#8230;Si\u0119\u00a0maluje&#8230;"},"content":{"rendered":"<p>[et_pb_section fb_built=&#8221;1&#8243; next_background_color=&#8221;#ffffff&#8221; admin_label=&#8221;Header&#8221; _builder_version=&#8221;4.25.0&#8243; _module_preset=&#8221;default&#8221; background_enable_color=&#8221;off&#8221; use_background_color_gradient=&#8221;on&#8221; background_color_gradient_direction=&#8221;90deg&#8221; background_color_gradient_stops=&#8221;rgba(10,124,132,0.67) 0%|rgba(139,237,222,0.46) 63%&#8221; background_color_gradient_overlays_image=&#8221;on&#8221; background_color_gradient_start=&#8221;rgba(0,0,0,0)&#8221; background_color_gradient_start_position=&#8221;50%&#8221; background_color_gradient_end=&#8221;#92a5ab&#8221; background_color_gradient_end_position=&#8221;50%&#8221; background_image=&#8221;https:\/\/dajmiczas.pl\/wp-content\/uploads\/2025\/08\/10796.jpg&#8221; custom_padding=&#8221;||64px||false|false&#8221; bottom_divider_style=&#8221;slant&#8221; bottom_divider_height=&#8221;4vw&#8221; locked=&#8221;off&#8221; global_colors_info=&#8221;{%22gcid-primary-color%22:%91%22background_color%22,%22background_color_gradient_stops%22%93}&#8221;][et_pb_row _builder_version=&#8221;4.16&#8243; _module_preset=&#8221;default&#8221; custom_padding=&#8221;||0px|||&#8221; global_colors_info=&#8221;{}&#8221;][et_pb_column type=&#8221;4_4&#8243; _builder_version=&#8221;4.16&#8243; _module_preset=&#8221;default&#8221; global_colors_info=&#8221;{}&#8221;][et_pb_post_title meta=&#8221;off&#8221; featured_image=&#8221;off&#8221; _builder_version=&#8221;4.25.0&#8243; _module_preset=&#8221;default&#8221; title_font=&#8221;|700||on|||||&#8221; title_text_align=&#8221;center&#8221; title_text_color=&#8221;#FFFFFF&#8221; title_font_size=&#8221;66px&#8221; custom_margin=&#8221;||71px|||&#8221; hover_enabled=&#8221;0&#8243; global_colors_info=&#8221;{}&#8221; title_font_size_last_edited=&#8221;on|desktop&#8221; sticky_enabled=&#8221;0&#8243; title_font_size_phone=&#8221;44px&#8221; title_font_size_tablet=&#8221;66px&#8221;][\/et_pb_post_title][\/et_pb_column][\/et_pb_row][\/et_pb_section][et_pb_section fb_built=&#8221;1&#8243; _builder_version=&#8221;4.25.0&#8243; _module_preset=&#8221;default&#8221; global_colors_info=&#8221;{}&#8221;][et_pb_row _builder_version=&#8221;4.25.0&#8243; _module_preset=&#8221;default&#8221; global_colors_info=&#8221;{}&#8221;][et_pb_column type=&#8221;4_4&#8243; _builder_version=&#8221;4.25.0&#8243; _module_preset=&#8221;default&#8221; global_colors_info=&#8221;{}&#8221;][et_pb_text _builder_version=&#8221;4.25.0&#8243; _module_preset=&#8221;default&#8221; global_colors_info=&#8221;{}&#8221;]<\/p>\n<p style=\"text-align: center;\"><em>\u2026Si\u0119 maluje\u2026 <\/em>to\u00a0cykl, w\u00a0kt\u00f3rym\u00a0uczestnicy w\u00a0towarzystwie zaproszonych go\u015bci tworz\u0105 w\u0142asn\u0105 unikaln\u0105 interpretacj\u0119 wskazanego tematu w\u00a0formie obraz\u00f3w. Owocem tych\u017ce artystycznych spotka\u0144 by\u0142y dzie\u0142a traktuj\u0105ce temat mi\u0142o\u015bci czy\u00a0dominuj\u0105ce w\u00a0odcienie koloru niebieskiego \u2013 symbolu autyzmu. Podopieczni mieli mo\u017cliwo\u015b\u0107 malarskiego wyra\u017cenia siebie u\u00a0boku fotografa Damiana Drewniaka wraz z\u00a0rodzin\u0105, Beaty Petryczki czy\u00a0Dominika Morynia.<\/p>\n<p>[\/et_pb_text][\/et_pb_column][\/et_pb_row][et_pb_row _builder_version=&#8221;4.25.0&#8243; _module_preset=&#8221;default&#8221; global_colors_info=&#8221;{}&#8221;][et_pb_column type=&#8221;4_4&#8243; _builder_version=&#8221;4.25.0&#8243; _module_preset=&#8221;default&#8221; global_colors_info=&#8221;{}&#8221;][et_pb_gallery gallery_ids=&#8221;389,496,497,498,499,390&#8243; posts_number=&#8221;16&#8243; show_title_and_caption=&#8221;off&#8221; _builder_version=&#8221;4.25.0&#8243; _module_preset=&#8221;default&#8221; border_radii=&#8221;on|8px|8px|8px|8px&#8221; border_radii_image=&#8221;on|8px|8px|8px|8px&#8221; box_shadow_style_image=&#8221;preset3&#8243; global_colors_info=&#8221;{}&#8221;][\/et_pb_gallery][\/et_pb_column][\/et_pb_row][\/et_pb_section]<\/p>\n","protected":false},"excerpt":{"rendered":"<p>\u2026Si\u0119 maluje\u2026 to\u00a0cykl, w\u00a0kt\u00f3rym\u00a0uczestnicy w\u00a0towarzystwie zaproszonych go\u015bci tworz\u0105 w\u0142asn\u0105 unikaln\u0105 interpretacj\u0119 wskazanego tematu w\u00a0formie obraz\u00f3w. Owocem tych\u017ce artystycznych spotka\u0144 by\u0142y dzie\u0142a traktuj\u0105ce temat mi\u0142o\u015bci czy\u00a0dominuj\u0105ce w\u00a0odcienie koloru niebieskiego \u2013 symbolu autyzmu. Podopieczni mieli mo\u017cliwo\u015b\u0107 malarskiego wyra\u017cenia siebie u\u00a0boku fotografa Damiana Drewniaka wraz z\u00a0rodzin\u0105, Beaty Petryczki czy\u00a0Dominika Morynia.<\/p>\n","protected":false},"author":1,"featured_media":0,"parent":0,"menu_order":0,"comment_status":"closed","ping_status":"closed","template":"","meta":{"_et_pb_use_builder":"on","_et_pb_old_content":"<!-- wp:divi\/placeholder \/-->","_et_gb_content_width":"","footnotes":""},"class_list":["post-300","page","type-page","status-publish","hentry"],"_links":{"self":[{"href":"https:\/\/dajmiczas.pl\/index.php\/wp-json\/wp\/v2\/pages\/300","targetHints":{"allow":["GET"]}}],"collection":[{"href":"https:\/\/dajmiczas.pl\/index.php\/wp-json\/wp\/v2\/pages"}],"about":[{"href":"https:\/\/dajmiczas.pl\/index.php\/wp-json\/wp\/v2\/types\/page"}],"author":[{"embeddable":true,"href":"https:\/\/dajmiczas.pl\/index.php\/wp-json\/wp\/v2\/users\/1"}],"replies":[{"embeddable":true,"href":"https:\/\/dajmiczas.pl\/index.php\/wp-json\/wp\/v2\/comments?post=300"}],"version-history":[{"count":9,"href":"https:\/\/dajmiczas.pl\/index.php\/wp-json\/wp\/v2\/pages\/300\/revisions"}],"predecessor-version":[{"id":758,"href":"https:\/\/dajmiczas.pl\/index.php\/wp-json\/wp\/v2\/pages\/300\/revisions\/758"}],"wp:attachment":[{"href":"https:\/\/dajmiczas.pl\/index.php\/wp-json\/wp\/v2\/media?parent=300"}],"curies":[{"name":"wp","href":"https:\/\/api.w.org\/{rel}","templated":true}]}}