{"id":430,"date":"2025-08-13T08:58:47","date_gmt":"2025-08-13T08:58:47","guid":{"rendered":"https:\/\/dajmiczas.pl\/?page_id=430"},"modified":"2025-09-15T10:23:48","modified_gmt":"2025-09-15T10:23:48","slug":"pracownia-rekodziela","status":"publish","type":"page","link":"https:\/\/dajmiczas.pl\/index.php\/pracownia-rekodziela\/","title":{"rendered":"Pracownia r\u0119kodzie\u0142a"},"content":{"rendered":"<p>[et_pb_section fb_built=&#8221;1&#8243; next_background_color=&#8221;#ffffff&#8221; admin_label=&#8221;Header&#8221; _builder_version=&#8221;4.25.0&#8243; _module_preset=&#8221;default&#8221; background_color=&#8221;#12876F&#8221; use_background_color_gradient=&#8221;on&#8221; background_color_gradient_direction=&#8221;91deg&#8221; background_color_gradient_stops=&#8221;#668284 0%|rgba(139,237,222,0.17) 56%&#8221; background_color_gradient_overlays_image=&#8221;on&#8221; background_color_gradient_start=&#8221;rgba(0,0,0,0)&#8221; background_color_gradient_start_position=&#8221;50%&#8221; background_color_gradient_end=&#8221;#92a5ab&#8221; background_color_gradient_end_position=&#8221;50%&#8221; background_image=&#8221;https:\/\/dajmiczas.pl\/wp-content\/uploads\/2025\/08\/przyjemna-przestrzen-robocza-wypelniona-kolorowymi-narzedziami-szycia-z-przedzy-i-recznie-wykonanymi-rzemioslami-scaled.jpg&#8221; parallax=&#8221;on&#8221; custom_padding=&#8221;||64px||false|false&#8221; bottom_divider_style=&#8221;slant&#8221; bottom_divider_height=&#8221;4vw&#8221; locked=&#8221;off&#8221; global_colors_info=&#8221;{%22gcid-primary-color%22:%91%22background_color_gradient_stops%22%93}&#8221;][et_pb_row _builder_version=&#8221;4.16&#8243; _module_preset=&#8221;default&#8221; custom_padding=&#8221;||0px|||&#8221; global_colors_info=&#8221;{}&#8221;][et_pb_column type=&#8221;4_4&#8243; _builder_version=&#8221;4.16&#8243; _module_preset=&#8221;default&#8221; global_colors_info=&#8221;{}&#8221;][et_pb_post_title meta=&#8221;off&#8221; featured_image=&#8221;off&#8221; _builder_version=&#8221;4.25.0&#8243; _module_preset=&#8221;default&#8221; title_font=&#8221;|700||on|||||&#8221; title_text_align=&#8221;center&#8221; title_text_color=&#8221;#FFFFFF&#8221; title_font_size=&#8221;66px&#8221; custom_margin=&#8221;||71px|||&#8221; hover_enabled=&#8221;0&#8243; global_colors_info=&#8221;{}&#8221; title_font_size_last_edited=&#8221;on|desktop&#8221; sticky_enabled=&#8221;0&#8243; title_font_size_phone=&#8221;44px&#8221; title_font_size_tablet=&#8221;66px&#8221;][\/et_pb_post_title][\/et_pb_column][\/et_pb_row][\/et_pb_section][et_pb_section fb_built=&#8221;1&#8243; _builder_version=&#8221;4.25.0&#8243; _module_preset=&#8221;default&#8221; global_colors_info=&#8221;{}&#8221;][et_pb_row _builder_version=&#8221;4.25.0&#8243; _module_preset=&#8221;default&#8221; global_colors_info=&#8221;{}&#8221;][et_pb_column type=&#8221;4_4&#8243; _builder_version=&#8221;4.25.0&#8243; _module_preset=&#8221;default&#8221; global_colors_info=&#8221;{}&#8221;][et_pb_text _builder_version=&#8221;4.25.0&#8243; _module_preset=&#8221;default&#8221; global_colors_info=&#8221;{}&#8221;]<\/p>\n<p style=\"text-align: center;\"><em><strong>Pracownia r\u0119kodzie\u0142a<\/strong><\/em><\/p>\n<p style=\"text-align: center;\">to&nbsp;sala, w&nbsp;kt\u00f3rej&nbsp;uczestnicy przechodz\u0105 przez&nbsp;terapi\u0119 w\u0142asnor\u0119cznie tworz\u0105c dekoracje \u2013 w&nbsp;szczeg\u00f3lno\u015bci tkane dywaniki oraz&nbsp;zapachowe \u015bwiece \u2013 dewocjonalia \u2013 we&nbsp;wsp\u00f3\u0142pracy z&nbsp;firm\u0105 Kristarex \u2013 czy&nbsp;bi\u017cuteri\u0119: bransoletki i&nbsp;naszyjniki. Wymienione zaj\u0119cia plastyczne, w&nbsp;tym tak\u017ce spontaniczne malowanie, s\u0105&nbsp;przestrzeni\u0105 dla podopiecznych by&nbsp;wyrazi\u0107 swoje emocje i&nbsp;patrzenie na&nbsp;\u015bwiat.<\/p>\n<p>[\/et_pb_text][\/et_pb_column][\/et_pb_row][et_pb_row _builder_version=&#8221;4.25.0&#8243; _module_preset=&#8221;default&#8221; global_colors_info=&#8221;{}&#8221;][et_pb_column type=&#8221;4_4&#8243; _builder_version=&#8221;4.25.0&#8243; _module_preset=&#8221;default&#8221; global_colors_info=&#8221;{}&#8221;][et_pb_gallery gallery_ids=&#8221;391,383,382,381,384,385,386,387,388,380,379,378,377,376&#8243; posts_number=&#8221;16&#8243; show_title_and_caption=&#8221;off&#8221; _builder_version=&#8221;4.25.0&#8243; _module_preset=&#8221;default&#8221; border_radii=&#8221;on|8px|8px|8px|8px&#8221; border_radii_image=&#8221;on|8px|8px|8px|8px&#8221; box_shadow_style_image=&#8221;preset3&#8243; global_colors_info=&#8221;{}&#8221;][\/et_pb_gallery][\/et_pb_column][\/et_pb_row][\/et_pb_section]<\/p>\n","protected":false},"excerpt":{"rendered":"<p>Pracownia r\u0119kodzie\u0142a to&nbsp;sala, w&nbsp;kt\u00f3rej&nbsp;uczestnicy przechodz\u0105 przez&nbsp;terapi\u0119 w\u0142asnor\u0119cznie tworz\u0105c dekoracje \u2013 w&nbsp;szczeg\u00f3lno\u015bci tkane dywaniki oraz&nbsp;zapachowe \u015bwiece \u2013 dewocjonalia \u2013 we&nbsp;wsp\u00f3\u0142pracy z&nbsp;firm\u0105 Kristarex \u2013 czy&nbsp;bi\u017cuteri\u0119: bransoletki i&nbsp;naszyjniki. Wymienione zaj\u0119cia plastyczne, w&nbsp;tym tak\u017ce spontaniczne malowanie, s\u0105&nbsp;przestrzeni\u0105 dla podopiecznych by&nbsp;wyrazi\u0107 swoje emocje i&nbsp;patrzenie na&nbsp;\u015bwiat.<\/p>\n","protected":false},"author":1,"featured_media":0,"parent":0,"menu_order":0,"comment_status":"closed","ping_status":"closed","template":"","meta":{"_et_pb_use_builder":"on","_et_pb_old_content":"","_et_gb_content_width":"","footnotes":""},"class_list":["post-430","page","type-page","status-publish","hentry"],"_links":{"self":[{"href":"https:\/\/dajmiczas.pl\/index.php\/wp-json\/wp\/v2\/pages\/430","targetHints":{"allow":["GET"]}}],"collection":[{"href":"https:\/\/dajmiczas.pl\/index.php\/wp-json\/wp\/v2\/pages"}],"about":[{"href":"https:\/\/dajmiczas.pl\/index.php\/wp-json\/wp\/v2\/types\/page"}],"author":[{"embeddable":true,"href":"https:\/\/dajmiczas.pl\/index.php\/wp-json\/wp\/v2\/users\/1"}],"replies":[{"embeddable":true,"href":"https:\/\/dajmiczas.pl\/index.php\/wp-json\/wp\/v2\/comments?post=430"}],"version-history":[{"count":5,"href":"https:\/\/dajmiczas.pl\/index.php\/wp-json\/wp\/v2\/pages\/430\/revisions"}],"predecessor-version":[{"id":759,"href":"https:\/\/dajmiczas.pl\/index.php\/wp-json\/wp\/v2\/pages\/430\/revisions\/759"}],"wp:attachment":[{"href":"https:\/\/dajmiczas.pl\/index.php\/wp-json\/wp\/v2\/media?parent=430"}],"curies":[{"name":"wp","href":"https:\/\/api.w.org\/{rel}","templated":true}]}}