{"id":432,"date":"2025-08-13T08:59:38","date_gmt":"2025-08-13T08:59:38","guid":{"rendered":"https:\/\/dajmiczas.pl\/?page_id=432"},"modified":"2025-09-15T10:13:37","modified_gmt":"2025-09-15T10:13:37","slug":"pracownia-kulinarna","status":"publish","type":"page","link":"https:\/\/dajmiczas.pl\/index.php\/pracownia-kulinarna\/","title":{"rendered":"Pracownia kulinarna"},"content":{"rendered":"<p>[et_pb_section fb_built=&#8221;1&#8243; next_background_color=&#8221;#ffffff&#8221; admin_label=&#8221;Header&#8221; _builder_version=&#8221;4.25.0&#8243; _module_preset=&#8221;default&#8221; background_color=&#8221;#12876F&#8221; use_background_color_gradient=&#8221;on&#8221; background_color_gradient_direction=&#8221;90deg&#8221; background_color_gradient_stops=&#8221;#668284 0%|rgba(139,237,222,0.46) 59%&#8221; background_color_gradient_overlays_image=&#8221;on&#8221; background_color_gradient_start=&#8221;rgba(0,0,0,0)&#8221; background_color_gradient_start_position=&#8221;50%&#8221; background_color_gradient_end=&#8221;#92a5ab&#8221; background_color_gradient_end_position=&#8221;50%&#8221; background_image=&#8221;https:\/\/dajmiczas.pl\/wp-content\/uploads\/2025\/08\/rodzina-pod-duzym-katem-gotuje-pyszna-pizze.jpg&#8221; custom_padding=&#8221;||64px||false|false&#8221; bottom_divider_style=&#8221;slant&#8221; bottom_divider_height=&#8221;4vw&#8221; locked=&#8221;off&#8221; global_colors_info=&#8221;{%22gcid-primary-color%22:%91%22background_color_gradient_stops%22%93}&#8221;][et_pb_row _builder_version=&#8221;4.16&#8243; _module_preset=&#8221;default&#8221; custom_padding=&#8221;||0px|||&#8221; global_colors_info=&#8221;{}&#8221;][et_pb_column type=&#8221;4_4&#8243; _builder_version=&#8221;4.16&#8243; _module_preset=&#8221;default&#8221; global_colors_info=&#8221;{}&#8221;][et_pb_post_title meta=&#8221;off&#8221; featured_image=&#8221;off&#8221; _builder_version=&#8221;4.25.0&#8243; _module_preset=&#8221;default&#8221; title_font=&#8221;|700||on|||||&#8221; title_text_align=&#8221;center&#8221; title_text_color=&#8221;#FFFFFF&#8221; title_font_size=&#8221;66px&#8221; custom_margin=&#8221;||71px|||&#8221; hover_enabled=&#8221;0&#8243; global_colors_info=&#8221;{}&#8221; sticky_enabled=&#8221;0&#8243; title_font_size_last_edited=&#8221;on|phone&#8221; title_font_size_phone=&#8221;42px&#8221; title_font_size_tablet=&#8221;66px&#8221;][\/et_pb_post_title][\/et_pb_column][\/et_pb_row][\/et_pb_section][et_pb_section fb_built=&#8221;1&#8243; _builder_version=&#8221;4.25.0&#8243; _module_preset=&#8221;default&#8221; global_colors_info=&#8221;{}&#8221;][et_pb_row _builder_version=&#8221;4.25.0&#8243; _module_preset=&#8221;default&#8221; global_colors_info=&#8221;{}&#8221;][et_pb_column type=&#8221;4_4&#8243; _builder_version=&#8221;4.25.0&#8243; _module_preset=&#8221;default&#8221; global_colors_info=&#8221;{}&#8221;][et_pb_text _builder_version=&#8221;4.25.0&#8243; _module_preset=&#8221;default&#8221; global_colors_info=&#8221;{}&#8221;]<\/p>\n<p style=\"text-align: center;\">Pracownia kulinarna to&nbsp;miejsce, w&nbsp;kt\u00f3rym&nbsp;pod&nbsp;okiem instruktor\u00f3w-terapeut\u00f3w pe\u0142ni zaanga\u017cowania uczestnicy przygotowuj\u0105 \u2013 najcz\u0119\u015bciej raz w&nbsp;tygodniu \u2013 posi\u0142ki dla swoich koleg\u00f3w i&nbsp;kole\u017canek oraz&nbsp;dla siebie. To&nbsp;tutaj te\u017c realizuje si\u0119 cykl <em>\u2026si\u0119 gotuje\u2026 <\/em>czy&nbsp;<em>zdrowakacje <\/em>\u2013 w\u00f3wczas podopieczni maj\u0105 przyjemno\u015b\u0107 tworzenia potraw w&nbsp;towarzystwie wa\u017cnych ludzi kultury czy&nbsp;polityki, r\u00f3wnocze\u015bnie przechodz\u0105c przez&nbsp;trening funkcjonowania w&nbsp;\u017cyciu codziennym. Uczestnicy s\u0105&nbsp;\u015bwiadomi zasad bezpiecznego wykorzystywania sprz\u0119tu kuchennego, przybor\u00f3w i&nbsp;akcesori\u00f3w do&nbsp;gotowania, w&nbsp;kt\u00f3re wyposa\u017cona jest sala kulinarna.<\/p>\n<p>[\/et_pb_text][\/et_pb_column][\/et_pb_row][et_pb_row _builder_version=&#8221;4.25.0&#8243; _module_preset=&#8221;default&#8221; global_colors_info=&#8221;{}&#8221;][et_pb_column type=&#8221;4_4&#8243; _builder_version=&#8221;4.25.0&#8243; _module_preset=&#8221;default&#8221; global_colors_info=&#8221;{}&#8221;][et_pb_gallery gallery_ids=&#8221;354,353,352,351,350,349,348,347&#8243; posts_number=&#8221;16&#8243; show_title_and_caption=&#8221;off&#8221; _builder_version=&#8221;4.25.0&#8243; _module_preset=&#8221;default&#8221; border_radii=&#8221;on|8px|8px|8px|8px&#8221; border_radii_image=&#8221;on|8px|8px|8px|8px&#8221; box_shadow_style_image=&#8221;preset3&#8243; global_colors_info=&#8221;{}&#8221;][\/et_pb_gallery][\/et_pb_column][\/et_pb_row][\/et_pb_section]<\/p>\n","protected":false},"excerpt":{"rendered":"<p>Pracownia kulinarna to&nbsp;miejsce, w&nbsp;kt\u00f3rym&nbsp;pod&nbsp;okiem instruktor\u00f3w-terapeut\u00f3w pe\u0142ni zaanga\u017cowania uczestnicy przygotowuj\u0105 \u2013 najcz\u0119\u015bciej raz w&nbsp;tygodniu \u2013 posi\u0142ki dla swoich koleg\u00f3w i&nbsp;kole\u017canek oraz&nbsp;dla siebie. To&nbsp;tutaj te\u017c realizuje si\u0119 cykl \u2026si\u0119 gotuje\u2026 czy&nbsp;zdrowakacje \u2013 w\u00f3wczas podopieczni maj\u0105 przyjemno\u015b\u0107 tworzenia potraw w&nbsp;towarzystwie wa\u017cnych ludzi kultury czy&nbsp;polityki, r\u00f3wnocze\u015bnie przechodz\u0105c przez&nbsp;trening funkcjonowania w&nbsp;\u017cyciu codziennym. Uczestnicy s\u0105&nbsp;\u015bwiadomi zasad bezpiecznego wykorzystywania sprz\u0119tu kuchennego, przybor\u00f3w [&hellip;]<\/p>\n","protected":false},"author":1,"featured_media":0,"parent":0,"menu_order":0,"comment_status":"closed","ping_status":"closed","template":"","meta":{"_et_pb_use_builder":"on","_et_pb_old_content":"<!-- wp:divi\/placeholder \/-->","_et_gb_content_width":"","footnotes":""},"class_list":["post-432","page","type-page","status-publish","hentry"],"_links":{"self":[{"href":"https:\/\/dajmiczas.pl\/index.php\/wp-json\/wp\/v2\/pages\/432","targetHints":{"allow":["GET"]}}],"collection":[{"href":"https:\/\/dajmiczas.pl\/index.php\/wp-json\/wp\/v2\/pages"}],"about":[{"href":"https:\/\/dajmiczas.pl\/index.php\/wp-json\/wp\/v2\/types\/page"}],"author":[{"embeddable":true,"href":"https:\/\/dajmiczas.pl\/index.php\/wp-json\/wp\/v2\/users\/1"}],"replies":[{"embeddable":true,"href":"https:\/\/dajmiczas.pl\/index.php\/wp-json\/wp\/v2\/comments?post=432"}],"version-history":[{"count":5,"href":"https:\/\/dajmiczas.pl\/index.php\/wp-json\/wp\/v2\/pages\/432\/revisions"}],"predecessor-version":[{"id":754,"href":"https:\/\/dajmiczas.pl\/index.php\/wp-json\/wp\/v2\/pages\/432\/revisions\/754"}],"wp:attachment":[{"href":"https:\/\/dajmiczas.pl\/index.php\/wp-json\/wp\/v2\/media?parent=432"}],"curies":[{"name":"wp","href":"https:\/\/api.w.org\/{rel}","templated":true}]}}