{"id":434,"date":"2025-08-13T09:00:26","date_gmt":"2025-08-13T09:00:26","guid":{"rendered":"https:\/\/dajmiczas.pl\/?page_id=434"},"modified":"2025-09-15T10:10:47","modified_gmt":"2025-09-15T10:10:47","slug":"pracownia-administracyjno-biurowa","status":"publish","type":"page","link":"https:\/\/dajmiczas.pl\/index.php\/pracownia-administracyjno-biurowa\/","title":{"rendered":"Pracownia administracyjno-biurowa"},"content":{"rendered":"<p>[et_pb_section fb_built=&#8221;1&#8243; next_background_color=&#8221;#ffffff&#8221; admin_label=&#8221;Header&#8221; _builder_version=&#8221;4.25.0&#8243; _module_preset=&#8221;default&#8221; background_enable_color=&#8221;off&#8221; use_background_color_gradient=&#8221;on&#8221; background_color_gradient_direction=&#8221;90deg&#8221; background_color_gradient_stops=&#8221;#668284 0%|rgba(139,237,222,0.46) 63%&#8221; background_color_gradient_overlays_image=&#8221;on&#8221; background_color_gradient_start=&#8221;rgba(0,0,0,0)&#8221; background_color_gradient_start_position=&#8221;50%&#8221; background_color_gradient_end=&#8221;#92a5ab&#8221; background_color_gradient_end_position=&#8221;50%&#8221; background_image=&#8221;https:\/\/dajmiczas.pl\/wp-content\/uploads\/2025\/08\/2147844647.jpg&#8221; custom_padding=&#8221;||64px||false|false&#8221; bottom_divider_style=&#8221;slant&#8221; bottom_divider_height=&#8221;4vw&#8221; locked=&#8221;off&#8221; global_colors_info=&#8221;{%22gcid-primary-color%22:%91%22background_color%22,%22background_color_gradient_stops%22%93}&#8221;][et_pb_row _builder_version=&#8221;4.16&#8243; _module_preset=&#8221;default&#8221; custom_padding=&#8221;||0px|||&#8221; global_colors_info=&#8221;{}&#8221;][et_pb_column type=&#8221;4_4&#8243; _builder_version=&#8221;4.16&#8243; _module_preset=&#8221;default&#8221; global_colors_info=&#8221;{}&#8221;][et_pb_post_title meta=&#8221;off&#8221; featured_image=&#8221;off&#8221; _builder_version=&#8221;4.25.0&#8243; _module_preset=&#8221;default&#8221; title_font=&#8221;|700||on|||||&#8221; title_text_align=&#8221;center&#8221; title_text_color=&#8221;#FFFFFF&#8221; title_font_size=&#8221;66px&#8221; custom_margin=&#8221;||71px|||&#8221; hover_enabled=&#8221;0&#8243; global_colors_info=&#8221;{}&#8221; title_font_size_last_edited=&#8221;on|phone&#8221; sticky_enabled=&#8221;0&#8243; title_font_size_tablet=&#8221;45px&#8221; title_font_size_phone=&#8221;31px&#8221;][\/et_pb_post_title][\/et_pb_column][\/et_pb_row][\/et_pb_section][et_pb_section fb_built=&#8221;1&#8243; _builder_version=&#8221;4.25.0&#8243; _module_preset=&#8221;default&#8221; global_colors_info=&#8221;{}&#8221;][et_pb_row _builder_version=&#8221;4.25.0&#8243; _module_preset=&#8221;default&#8221; global_colors_info=&#8221;{}&#8221;][et_pb_column type=&#8221;4_4&#8243; _builder_version=&#8221;4.25.0&#8243; _module_preset=&#8221;default&#8221; global_colors_info=&#8221;{}&#8221;][et_pb_text _builder_version=&#8221;4.25.0&#8243; _module_preset=&#8221;default&#8221; global_colors_info=&#8221;{}&#8221;]<\/p>\n<p style=\"text-align: center;\"><em><strong>Sala administracyjno-biurowa <\/strong><\/em><\/p>\n<p style=\"text-align: center;\">To&nbsp;miejsce wyposa\u017cone w&nbsp;sprz\u0119t taki jak komputer stacjonarny, laptop, kserokopiarka, tablica interaktywna, niszczarka, laminarka czy&nbsp;telewizor. Tutaj przy wsparciu instruktor\u00f3w-terapeut\u00f3w uczestnicy nabywaj\u0105 umiej\u0119tno\u015bci korzystania z&nbsp;niniejszych urz\u0105dze\u0144 w&nbsp;spos\u00f3b bezpieczny i&nbsp;wykorzystywania ich w&nbsp;\u017cyciu codziennym, m.in.&nbsp;tworz\u0105c i&nbsp;edytuj\u0105c teksty w&nbsp;odpowiednich do&nbsp;tego programach, wyszukuj\u0105c istotne dla nich informacje w&nbsp;przegl\u0105darce internetowej, przygotowuj\u0105c tematyczne gazetki, nabywaj\u0105c wprawy w&nbsp;korzystaniu z&nbsp;aplikacji.<\/p>\n<p>[\/et_pb_text][\/et_pb_column][\/et_pb_row][et_pb_row _builder_version=&#8221;4.25.0&#8243; _module_preset=&#8221;default&#8221; global_colors_info=&#8221;{}&#8221;][et_pb_column type=&#8221;4_4&#8243; _builder_version=&#8221;4.25.0&#8243; _module_preset=&#8221;default&#8221; global_colors_info=&#8221;{}&#8221;][et_pb_gallery gallery_ids=&#8221;514,513,512,511,510&#8243; posts_number=&#8221;16&#8243; show_title_and_caption=&#8221;off&#8221; _builder_version=&#8221;4.25.0&#8243; _module_preset=&#8221;default&#8221; border_radii=&#8221;on|8px|8px|8px|8px&#8221; border_radii_image=&#8221;on|8px|8px|8px|8px&#8221; box_shadow_style_image=&#8221;preset3&#8243; global_colors_info=&#8221;{}&#8221;][\/et_pb_gallery][\/et_pb_column][\/et_pb_row][\/et_pb_section]<\/p>\n","protected":false},"excerpt":{"rendered":"<p>Sala administracyjno-biurowa To&nbsp;miejsce wyposa\u017cone w&nbsp;sprz\u0119t taki jak komputer stacjonarny, laptop, kserokopiarka, tablica interaktywna, niszczarka, laminarka czy&nbsp;telewizor. Tutaj przy wsparciu instruktor\u00f3w-terapeut\u00f3w uczestnicy nabywaj\u0105 umiej\u0119tno\u015bci korzystania z&nbsp;niniejszych urz\u0105dze\u0144 w&nbsp;spos\u00f3b bezpieczny i&nbsp;wykorzystywania ich w&nbsp;\u017cyciu codziennym, m.in.&nbsp;tworz\u0105c i&nbsp;edytuj\u0105c teksty w&nbsp;odpowiednich do&nbsp;tego programach, wyszukuj\u0105c istotne dla nich informacje w&nbsp;przegl\u0105darce internetowej, przygotowuj\u0105c tematyczne gazetki, nabywaj\u0105c wprawy w&nbsp;korzystaniu z&nbsp;aplikacji.<\/p>\n","protected":false},"author":1,"featured_media":0,"parent":0,"menu_order":0,"comment_status":"closed","ping_status":"closed","template":"","meta":{"_et_pb_use_builder":"on","_et_pb_old_content":"<!-- wp:divi\/placeholder \/-->","_et_gb_content_width":"","footnotes":""},"class_list":["post-434","page","type-page","status-publish","hentry"],"_links":{"self":[{"href":"https:\/\/dajmiczas.pl\/index.php\/wp-json\/wp\/v2\/pages\/434","targetHints":{"allow":["GET"]}}],"collection":[{"href":"https:\/\/dajmiczas.pl\/index.php\/wp-json\/wp\/v2\/pages"}],"about":[{"href":"https:\/\/dajmiczas.pl\/index.php\/wp-json\/wp\/v2\/types\/page"}],"author":[{"embeddable":true,"href":"https:\/\/dajmiczas.pl\/index.php\/wp-json\/wp\/v2\/users\/1"}],"replies":[{"embeddable":true,"href":"https:\/\/dajmiczas.pl\/index.php\/wp-json\/wp\/v2\/comments?post=434"}],"version-history":[{"count":10,"href":"https:\/\/dajmiczas.pl\/index.php\/wp-json\/wp\/v2\/pages\/434\/revisions"}],"predecessor-version":[{"id":753,"href":"https:\/\/dajmiczas.pl\/index.php\/wp-json\/wp\/v2\/pages\/434\/revisions\/753"}],"wp:attachment":[{"href":"https:\/\/dajmiczas.pl\/index.php\/wp-json\/wp\/v2\/media?parent=434"}],"curies":[{"name":"wp","href":"https:\/\/api.w.org\/{rel}","templated":true}]}}