{"id":561,"date":"2025-08-20T05:57:17","date_gmt":"2025-08-20T05:57:17","guid":{"rendered":"https:\/\/dajmiczas.pl\/?page_id=561"},"modified":"2025-12-03T11:21:20","modified_gmt":"2025-12-03T11:21:20","slug":"kalendarz-daj-mi-czas-2","status":"publish","type":"page","link":"https:\/\/dajmiczas.pl\/index.php\/kalendarz-daj-mi-czas-2\/","title":{"rendered":"Kalendarz Daj Mi Czas"},"content":{"rendered":"<p>[et_pb_section fb_built=&#8221;1&#8243; next_background_color=&#8221;#ffffff&#8221; admin_label=&#8221;Header&#8221; _builder_version=&#8221;4.25.0&#8243; _module_preset=&#8221;default&#8221; background_color=&#8221;#0c005e&#8221; use_background_color_gradient=&#8221;on&#8221; background_color_gradient_direction=&#8221;40deg&#8221; background_color_gradient_stops=&#8221;#668284 0%|rgba(139,237,222,0.46) 36%&#8221; background_color_gradient_overlays_image=&#8221;on&#8221; background_color_gradient_start=&#8221;rgba(0,0,0,0)&#8221; background_color_gradient_start_position=&#8221;50%&#8221; background_color_gradient_end=&#8221;#92a5ab&#8221; background_color_gradient_end_position=&#8221;50%&#8221; background_image=&#8221;https:\/\/dajmiczas.pl\/wp-content\/uploads\/2025\/08\/1000020182.jpg&#8221; background_repeat=&#8221;repeat-y&#8221; background_blend=&#8221;color&#8221; width=&#8221;100%&#8221; max_width=&#8221;100%&#8221; module_alignment=&#8221;center&#8221; min_height=&#8221;440px&#8221; custom_padding=&#8221;||64px||false|false&#8221; bottom_divider_style=&#8221;arrow3&#8243; bottom_divider_height=&#8221;4vw&#8221; locked=&#8221;off&#8221; global_colors_info=&#8221;{%22gcid-primary-color%22:%91%22background_color_gradient_stops%22%93}&#8221;][et_pb_row _builder_version=&#8221;4.25.0&#8243; _module_preset=&#8221;default&#8221; width=&#8221;100%&#8221; max_width=&#8221;1461px&#8221; custom_padding=&#8221;||0px|||&#8221; global_colors_info=&#8221;{}&#8221;][et_pb_column type=&#8221;4_4&#8243; _builder_version=&#8221;4.16&#8243; _module_preset=&#8221;default&#8221; global_colors_info=&#8221;{}&#8221;][et_pb_post_title meta=&#8221;off&#8221; featured_image=&#8221;off&#8221; _builder_version=&#8221;4.25.0&#8243; _module_preset=&#8221;default&#8221; title_font=&#8221;|700||on|||||&#8221; title_text_align=&#8221;center&#8221; title_text_color=&#8221;#FFFFFF&#8221; title_font_size=&#8221;66px&#8221; custom_margin=&#8221;||71px|||&#8221; animation_style=&#8221;slide&#8221; title_font_size_tablet=&#8221;66px&#8221; title_font_size_phone=&#8221;39px&#8221; title_font_size_last_edited=&#8221;on|phone&#8221; text_shadow_style=&#8221;preset5&#8243; global_colors_info=&#8221;{}&#8221; title_font_size__hover_enabled=&#8221;off|hover&#8221;][\/et_pb_post_title][et_pb_text content_tablet=&#8221;<\/p>\n<p style=%22text-align: justify;%22>fot.\u00a0Katarzyna Drewniak<\/p>\n<p>&#8221; content_phone=&#8221;<\/p>\n<p style=%22text-align: justify; padding-left: 40px;%22>fot.\u00a0Katarzyna Drewniak<\/p>\n<p>&#8221; content_last_edited=&#8221;on|desktop&#8221; _builder_version=&#8221;4.25.0&#8243; _module_preset=&#8221;default&#8221; text_text_color=&#8221;#FFFFFF&#8221; custom_margin=&#8221;154px|||||&#8221; custom_padding=&#8221;||3px|||&#8221; global_colors_info=&#8221;{}&#8221;]<\/p>\n<p style=\"text-align: justify;\">fot.\u00a0Katarzyna Drewniak<\/p>\n<p>[\/et_pb_text][\/et_pb_column][\/et_pb_row][\/et_pb_section][et_pb_section fb_built=&#8221;1&#8243; _builder_version=&#8221;4.25.0&#8243; _module_preset=&#8221;default&#8221; global_colors_info=&#8221;{}&#8221;][et_pb_row _builder_version=&#8221;4.25.0&#8243; _module_preset=&#8221;default&#8221; global_colors_info=&#8221;{}&#8221;][et_pb_column type=&#8221;4_4&#8243; _builder_version=&#8221;4.25.0&#8243; _module_preset=&#8221;default&#8221; global_colors_info=&#8221;{}&#8221;][et_pb_gallery gallery_ids=&#8221;952,953,954,955,956,957,958,959,960,961,962,963&#8243; fullwidth=&#8221;on&#8221; _builder_version=&#8221;4.25.0&#8243; _module_preset=&#8221;default&#8221; animation_style=&#8221;fade&#8221; animation_duration=&#8221;3000ms&#8221; animation_delay=&#8221;3000ms&#8221; auto=&#8221;on&#8221; auto_speed=&#8221;3000&#8243; global_colors_info=&#8221;{}&#8221;][\/et_pb_gallery][\/et_pb_column][\/et_pb_row][\/et_pb_section][et_pb_section fb_built=&#8221;1&#8243; _builder_version=&#8221;4.25.0&#8243; _module_preset=&#8221;default&#8221; custom_padding=&#8221;0px|||||&#8221; global_colors_info=&#8221;{}&#8221;][et_pb_row _builder_version=&#8221;4.25.0&#8243; _module_preset=&#8221;default&#8221; min_height=&#8221;318.6px&#8221; custom_padding=&#8221;||2px|||&#8221; global_colors_info=&#8221;{}&#8221;][et_pb_column type=&#8221;4_4&#8243; _builder_version=&#8221;4.25.0&#8243; _module_preset=&#8221;default&#8221; global_colors_info=&#8221;{}&#8221;][et_pb_text _builder_version=&#8221;4.25.0&#8243; _module_preset=&#8221;default&#8221; global_colors_info=&#8221;{}&#8221;]<\/p>\n<p style=\"text-align: center;\"><span style=\"color: #333333;\"><em>Barwy Sportu okiem Skowronka<\/em> to\u00a0tytu\u0142 kalendarza, kt\u00f3ry\u00a0zosta\u0142 przygotowany na\u00a0rok 2026 i\u00a0&#8211; jak co\u00a0roku &#8211; jest dedykowany osobom z\u00a0niepe\u0142nosprawno\u015bciami. Projekt zosta\u0142 zrealizowany w\u00a0partnerstwie z\u00a0Teatrem im.\u00a0Adama Mickiewicza w\u00a0Cz\u0119stochowie.<\/span><\/p>\n<p style=\"text-align: center;\"><span style=\"color: #333333;\">Autorem zdj\u0119\u0107 jest Grzesiek Skowronek \u2013 cz\u0119stochowianin urodzony w\u00a01973\u00a0r., od\u00a0zawsze zwi\u0105zany z\u00a0Cz\u0119stochow\u0105 i\u00a0jej najwa\u017cniejszymi wydarzeniami. Grzegorz Skowronek jest fotoreporterem wyr\u00f3\u017cnianym w\u00a0og\u00f3lnopolskim konkursie fotografii prasowej Grand Press Photo, \u015al\u0105skiej Fotografii Prasowej i\u00a0lokalnym Klimaty Cz\u0119stochowy. Pracuje w\u00a0Wydziale Informacji i\u00a0Komunikacji Urz\u0119du Miasta, poprzednio przez\u00a030 lat by\u0142 fotoreporterem cz\u0119stochowskiego oddzia\u0142u Gazety Wyborczej.<\/span><\/p>\n<p style=\"text-align: center;\"><span style=\"color: #333333;\">Bohaterami tegorocznej edycji s\u0105\u00a0podopieczni Stowarzyszenia <em>Daj mi\u00a0czas<\/em>, uczestnicy \u015arodowiskowego Domu Samopomocy Typu D w\u00a0Cz\u0119stochowie oraz\u00a0uczniowie szk\u00f3\u0142 i\u00a0podopieczni plac\u00f3wek z\u00a0terenu Cz\u0119stochowy. Towarzyszy\u0142y im\u00a0gwiazdy szerokorozumianego sportu oraz\u00a0osoby zwi\u0105zane z\u00a0Cz\u0119stochow\u0105.<\/span><\/p>\n<p style=\"text-align: center;\"><span style=\"color: #333333;\">Prezentacja kalendarza <em>Barwy Sportu okiem Skowronk<\/em>a\u00a0odby\u0142a si\u0119 25 listopada w\u00a0Teatrze im.\u00a0Adama Mickiewicza w\u00a0Cz\u0119stochowie. Koncert Mu\u0144ka Staszczyka wraz z\u00a0zespo\u0142em <em>NieTacy\u015awi\u0119ci <\/em>stanowi\u0142 fina\u0142 wydarzenia.<\/span><\/p>\n<p style=\"text-align: center;\"><em><\/em><\/p>\n<p style=\"text-align: center;\"><em><\/em><\/p>\n<p style=\"text-align: center;\"><em><\/em><\/p>\n<p style=\"text-align: center;\">\n<p>[\/et_pb_text][\/et_pb_column][\/et_pb_row][et_pb_row _builder_version=&#8221;4.25.0&#8243; _module_preset=&#8221;default&#8221; min_height=&#8221;318.6px&#8221; custom_padding=&#8221;||2px|||&#8221; global_colors_info=&#8221;{}&#8221;][et_pb_column type=&#8221;4_4&#8243; _builder_version=&#8221;4.25.0&#8243; _module_preset=&#8221;default&#8221; global_colors_info=&#8221;{}&#8221;][et_pb_text _builder_version=&#8221;4.25.0&#8243; _module_preset=&#8221;default&#8221; global_colors_info=&#8221;{}&#8221;]<\/p>\n<p style=\"text-align: center;\"><span style=\"color: #999999;\">Pierwsza i\u00a0druga edycja kalendarza (przygotowanego na\u00a0rok 2024 i\u00a02025) \u2013 pt.\u00a0<em>Wn\u0119trzoS\u0142owa \u2013<\/em> by\u0142a charytatywnym kalendarzem artystycznym, wsp\u00f3\u0142tworzonym przez\u00a0\u201eStowarzyszenie Daj mi\u00a0czas\u201d oraz\u00a0fotografa Damiana Drewniaka. Tytu\u0142 oddawa\u0142 ide\u0119, \u017ce\u00a0to, co\u00a0najwa\u017cniejsze cz\u0119sto kryje si\u0119 <em>wewn\u0105trz<\/em> nas, jeste\u015bmy sobie r\u00f3wni, niezale\u017cnie od\u00a0poziomu funkcjonowania. Projekt przedstawia wyj\u0105tkowe kadry z\u00a0udzia\u0142em os\u00f3b w\u00a0spektrum autyzmu \u2013 jest to\u00a0wizja tematu przepuszczona przez\u00a0artystyczn\u0105 wra\u017cliwo\u015b\u0107 Damiana Drewniaka. W\u00a0drugiej edycji dodatkowo do\u00a0projektu zaproszeni zostali aktorzy Teatru im.\u00a0Adama Mickiewicza w\u00a0Cz\u0119stochowie.<\/span><\/p>\n<p style=\"text-align: center;\"><span style=\"color: #999999;\">Celem inicjatywy jak\u0105 jest niniejszy kalendarz jest przedstawienie os\u00f3b ze\u00a0spektrum autyzmu jako integralnej cz\u0119\u015bci naszego spo\u0142ecze\u0144stwa, ponadto przybli\u017cenie odbiorcom niezbadanego, tajemniczego, nierzadko niezrozumia\u0142ego \u015bwiata autyzmu i\u00a0tym samym zwi\u0119kszenie \u015bwiadomo\u015bci na\u00a0temat problem\u00f3w os\u00f3b dotkni\u0119tych tymi zaburzeniami oraz\u00a0trudno\u015bci, z\u00a0jakimi borykaj\u0105 si\u0119 ich rodziny i\u00a0opiekunowie.<\/span><\/p>\n<p style=\"text-align: center;\"><span style=\"color: #999999;\">Uroczysta prezentacja pierwszej edycji <em>Kalendarza wn\u0119trzoS\u0142owa<\/em> mia\u0142a miejsce 30 pa\u017adziernika 2023 w\u00a0Miejskiej Galerii Sztuki. Druga edycja \u2013 21 pa\u017adziernika 2024r. w\u00a0Teatrze im.\u00a0 Adama Mickiewicza w\u00a0Cz\u0119stochowie. Wydarzenie zwie\u0144czone zosta\u0142o koncertem Lecha Dyblika z\u00a0zespo\u0142em.<\/span><\/p>\n<p style=\"text-align: center;\"><span style=\"color: #999999;\">Ambasadorami niniejszej inicjatywy s\u0105\u00a0Piotr Gruszka oraz\u00a0Aleksandra Szettel-Gruszka \u2013 osoby od\u00a0lat bliskie Stowarzyszeniu Daj mi\u00a0czas oraz\u00a0wspieraj\u0105ce osoby ze\u00a0spektrum autyzmu i\u00a0z\u00a0niepe\u0142nosprawno\u015bciami.<\/span><\/p>\n<p style=\"text-align: center;\"><span style=\"color: #999999;\">Kalendarz mo\u017cna by\u0142o naby\u0107 w\u00a0kilku miejscach na\u00a0terenie Cz\u0119stochowy.<\/span><\/p>\n<p>[\/et_pb_text][\/et_pb_column][\/et_pb_row][et_pb_row _builder_version=&#8221;4.25.0&#8243; _module_preset=&#8221;default&#8221; animation_style=&#8221;slide&#8221; animation_duration=&#8221;50ms&#8221; animation_delay=&#8221;50ms&#8221; global_colors_info=&#8221;{}&#8221;][et_pb_column type=&#8221;4_4&#8243; _builder_version=&#8221;4.25.0&#8243; _module_preset=&#8221;default&#8221; global_colors_info=&#8221;{}&#8221;][et_pb_gallery gallery_ids=&#8221;794,795,796,797,798,799,800,801,802,803,804,805&#8243; fullwidth=&#8221;on&#8221; _builder_version=&#8221;4.25.0&#8243; _module_preset=&#8221;default&#8221; width=&#8221;75%&#8221; module_alignment=&#8221;center&#8221; animation_style=&#8221;fade&#8221; animation_duration=&#8221;300ms&#8221; animation_delay=&#8221;300ms&#8221; auto=&#8221;on&#8221; auto_speed=&#8221;3000&#8243; global_colors_info=&#8221;{}&#8221;][\/et_pb_gallery][\/et_pb_column][\/et_pb_row][et_pb_row _builder_version=&#8221;4.25.0&#8243; _module_preset=&#8221;default&#8221; min_height=&#8221;29.8px&#8221; hover_enabled=&#8221;0&#8243; global_colors_info=&#8221;{}&#8221; sticky_enabled=&#8221;0&#8243;][et_pb_column type=&#8221;4_4&#8243; _builder_version=&#8221;4.25.0&#8243; _module_preset=&#8221;default&#8221; global_colors_info=&#8221;{}&#8221;][et_pb_text _builder_version=&#8221;4.25.0&#8243; _module_preset=&#8221;default&#8221; text_font_size=&#8221;22px&#8221; hover_enabled=&#8221;0&#8243; global_colors_info=&#8221;{}&#8221; sticky_enabled=&#8221;0&#8243;]<\/p>\n<p style=\"text-align: center;\"><span style=\"color: #333333;\">Galeria zdj\u0119\u0107 z\u00a0prezentacji Kalendarza<em> Barwy Sportu okiem Skowronka<\/em><\/span><\/p>\n<p style=\"text-align: center;\"><span style=\"color: #333333;\"><em>(Autorzy zdj\u0119\u0107: Marek T\u0119cza, Monika Malarska)<\/em><\/span><\/p>\n<p>[\/et_pb_text][\/et_pb_column][\/et_pb_row][et_pb_row _builder_version=&#8221;4.25.0&#8243; _module_preset=&#8221;default&#8221; global_colors_info=&#8221;{}&#8221;][et_pb_column type=&#8221;4_4&#8243; _builder_version=&#8221;4.25.0&#8243; _module_preset=&#8221;default&#8221; global_colors_info=&#8221;{}&#8221;][et_pb_gallery gallery_ids=&#8221;921,909,902,896,923,922,924,920,919,918,917,916,915,914,913,912,911,910,908,907,906,905,904,903,901,900,899,898,897&#8243; posts_number=&#8221;7&#8243; _builder_version=&#8221;4.25.0&#8243; _module_preset=&#8221;default&#8221; min_height=&#8221;286.7px&#8221; border_radii=&#8221;on|10px|10px|10px|10px&#8221; global_colors_info=&#8221;{}&#8221;][\/et_pb_gallery][\/et_pb_column][\/et_pb_row][et_pb_row _builder_version=&#8221;4.25.0&#8243; _module_preset=&#8221;default&#8221; min_height=&#8221;29.8px&#8221; global_colors_info=&#8221;{}&#8221;][et_pb_column type=&#8221;4_4&#8243; _builder_version=&#8221;4.25.0&#8243; _module_preset=&#8221;default&#8221; global_colors_info=&#8221;{}&#8221;][et_pb_text _builder_version=&#8221;4.25.0&#8243; _module_preset=&#8221;default&#8221; text_font_size=&#8221;22px&#8221; global_colors_info=&#8221;{}&#8221;]<\/p>\n<p style=\"text-align: center;\"><span style=\"color: #000000;\">Galeria zdj\u0119\u0107 z&nbsp;prezentacji drugiej edycji Kalendarza <em>Wn\u0119trzoS\u0142owa<\/em><\/span><\/p>\n<p>[\/et_pb_text][\/et_pb_column][\/et_pb_row][et_pb_row _builder_version=&#8221;4.25.0&#8243; _module_preset=&#8221;default&#8221; global_colors_info=&#8221;{}&#8221;][et_pb_column type=&#8221;4_4&#8243; _builder_version=&#8221;4.25.0&#8243; _module_preset=&#8221;default&#8221; global_colors_info=&#8221;{}&#8221;][et_pb_gallery gallery_ids=&#8221;366,367,368,369,370,371,372&#8243; posts_number=&#8221;16&#8243; show_title_and_caption=&#8221;off&#8221; _builder_version=&#8221;4.25.0&#8243; _module_preset=&#8221;default&#8221; border_radii=&#8221;on|8px|8px|8px|8px&#8221; border_radii_image=&#8221;on|8px|8px|8px|8px&#8221; box_shadow_style_image=&#8221;preset3&#8243; global_colors_info=&#8221;{}&#8221;][\/et_pb_gallery][\/et_pb_column][\/et_pb_row][et_pb_row _builder_version=&#8221;4.25.0&#8243; _module_preset=&#8221;default&#8221; min_height=&#8221;29.8px&#8221; global_colors_info=&#8221;{}&#8221;][et_pb_column type=&#8221;4_4&#8243; _builder_version=&#8221;4.25.0&#8243; _module_preset=&#8221;default&#8221; global_colors_info=&#8221;{}&#8221;][et_pb_text _builder_version=&#8221;4.25.0&#8243; _module_preset=&#8221;default&#8221; text_font_size=&#8221;22px&#8221; global_colors_info=&#8221;{}&#8221;]<\/p>\n<p style=\"text-align: center;\"><span style=\"color: #000000;\">Galeria zdj\u0119\u0107 z&nbsp;prezentacji pierwszej edycji Kalendarza <em>Wn\u0119trzoS\u0142owa<\/em><\/span><\/p>\n<p>[\/et_pb_text][\/et_pb_column][\/et_pb_row][et_pb_row _builder_version=&#8221;4.25.0&#8243; _module_preset=&#8221;default&#8221; global_colors_info=&#8221;{}&#8221;][et_pb_column type=&#8221;4_4&#8243; _builder_version=&#8221;4.25.0&#8243; _module_preset=&#8221;default&#8221; global_colors_info=&#8221;{}&#8221;][et_pb_gallery gallery_ids=&#8221;816,817,818,819,820,821,822&#8243; posts_number=&#8221;7&#8243; _builder_version=&#8221;4.25.0&#8243; _module_preset=&#8221;default&#8221; border_radii=&#8221;on|14px|14px|14px|14px&#8221; global_colors_info=&#8221;{}&#8221;][\/et_pb_gallery][\/et_pb_column][\/et_pb_row][\/et_pb_section]<\/p>\n","protected":false},"excerpt":{"rendered":"<p>fot.\u00a0Katarzyna DrewniakBarwy Sportu okiem Skowronka to\u00a0tytu\u0142 kalendarza, kt\u00f3ry\u00a0zosta\u0142 przygotowany na\u00a0rok 2026 i\u00a0&#8211; jak co\u00a0roku &#8211; jest dedykowany osobom z\u00a0niepe\u0142nosprawno\u015bciami. Projekt zosta\u0142 zrealizowany w\u00a0partnerstwie z\u00a0Teatrem im.\u00a0Adama Mickiewicza w\u00a0Cz\u0119stochowie. Autorem zdj\u0119\u0107 jest Grzesiek Skowronek \u2013 cz\u0119stochowianin urodzony w\u00a01973\u00a0r., od\u00a0zawsze zwi\u0105zany z\u00a0Cz\u0119stochow\u0105 i\u00a0jej najwa\u017cniejszymi wydarzeniami. Grzegorz Skowronek jest fotoreporterem wyr\u00f3\u017cnianym w\u00a0og\u00f3lnopolskim konkursie fotografii prasowej Grand Press Photo, \u015al\u0105skiej [&hellip;]<\/p>\n","protected":false},"author":1,"featured_media":0,"parent":0,"menu_order":0,"comment_status":"closed","ping_status":"closed","template":"","meta":{"_et_pb_use_builder":"on","_et_pb_old_content":"","_et_gb_content_width":"","footnotes":""},"class_list":["post-561","page","type-page","status-publish","hentry"],"_links":{"self":[{"href":"https:\/\/dajmiczas.pl\/index.php\/wp-json\/wp\/v2\/pages\/561","targetHints":{"allow":["GET"]}}],"collection":[{"href":"https:\/\/dajmiczas.pl\/index.php\/wp-json\/wp\/v2\/pages"}],"about":[{"href":"https:\/\/dajmiczas.pl\/index.php\/wp-json\/wp\/v2\/types\/page"}],"author":[{"embeddable":true,"href":"https:\/\/dajmiczas.pl\/index.php\/wp-json\/wp\/v2\/users\/1"}],"replies":[{"embeddable":true,"href":"https:\/\/dajmiczas.pl\/index.php\/wp-json\/wp\/v2\/comments?post=561"}],"version-history":[{"count":37,"href":"https:\/\/dajmiczas.pl\/index.php\/wp-json\/wp\/v2\/pages\/561\/revisions"}],"predecessor-version":[{"id":974,"href":"https:\/\/dajmiczas.pl\/index.php\/wp-json\/wp\/v2\/pages\/561\/revisions\/974"}],"wp:attachment":[{"href":"https:\/\/dajmiczas.pl\/index.php\/wp-json\/wp\/v2\/media?parent=561"}],"curies":[{"name":"wp","href":"https:\/\/api.w.org\/{rel}","templated":true}]}}