{"id":653,"date":"2025-08-25T11:26:17","date_gmt":"2025-08-25T11:26:17","guid":{"rendered":"https:\/\/dajmiczas.pl\/?page_id=653"},"modified":"2025-09-15T10:32:23","modified_gmt":"2025-09-15T10:32:23","slug":"tanecznym-krokiem-w-niebieski-swiat-autyzmu","status":"publish","type":"page","link":"https:\/\/dajmiczas.pl\/index.php\/tanecznym-krokiem-w-niebieski-swiat-autyzmu\/","title":{"rendered":"Tanecznym Krokiem w\u00a0Niebieski \u015awiat Autyzmu"},"content":{"rendered":"<p>[et_pb_section fb_built=&#8221;1&#8243; next_background_color=&#8221;#ffffff&#8221; admin_label=&#8221;Header&#8221; _builder_version=&#8221;4.25.0&#8243; _module_preset=&#8221;default&#8221; use_background_color_gradient=&#8221;on&#8221; background_color_gradient_overlays_image=&#8221;on&#8221; background_image=&#8221;https:\/\/dajmiczas.pl\/wp-content\/uploads\/2025\/08\/NMdA1640-scaled.jpg&#8221; width=&#8221;100%&#8221; max_width=&#8221;100%&#8221; module_alignment=&#8221;center&#8221; min_height=&#8221;440px&#8221; custom_margin=&#8221;||129px|||&#8221; custom_padding=&#8221;||64px||false|false&#8221; bottom_divider_style=&#8221;arrow3&#8243; bottom_divider_height=&#8221;4vw&#8221; hover_enabled=&#8221;0&#8243; locked=&#8221;off&#8221; global_colors_info=&#8221;{%22gcid-primary-color%22:%91%22background_color_gradient_stops%22%93}&#8221; sticky_enabled=&#8221;0&#8243; background_enable_color=&#8221;off&#8221; background_color_gradient_stops=&#8221;gcid-primary-color 0%|rgba(137,255,237,0.48) 100%&#8221; background_color_gradient_direction=&#8221;1deg&#8221;][et_pb_row _builder_version=&#8221;4.16&#8243; _module_preset=&#8221;default&#8221; custom_padding=&#8221;100px||0px|||&#8221; global_colors_info=&#8221;{}&#8221;][et_pb_column type=&#8221;4_4&#8243; _builder_version=&#8221;4.16&#8243; _module_preset=&#8221;default&#8221; global_colors_info=&#8221;{}&#8221;][et_pb_post_title meta=&#8221;off&#8221; featured_image=&#8221;off&#8221; _builder_version=&#8221;4.25.0&#8243; _module_preset=&#8221;default&#8221; title_font=&#8221;|700||on|||||&#8221; title_text_align=&#8221;center&#8221; title_text_color=&#8221;#FFFFFF&#8221; title_font_size=&#8221;66px&#8221; custom_margin=&#8221;||71px|||&#8221; animation_style=&#8221;slide&#8221; hover_enabled=&#8221;0&#8243; text_shadow_style=&#8221;preset5&#8243; text_shadow_horizontal_length=&#8221;0.07em&#8221; global_colors_info=&#8221;{}&#8221; text_shadow_color=&#8221;rgba(0,0,0,0.69)&#8221; sticky_enabled=&#8221;0&#8243; title_font_size_last_edited=&#8221;on|phone&#8221; title_font_size_phone=&#8221;36px&#8221; title_font_size_tablet=&#8221;66px&#8221;][\/et_pb_post_title][\/et_pb_column][\/et_pb_row][\/et_pb_section][et_pb_section fb_built=&#8221;1&#8243; _builder_version=&#8221;4.25.0&#8243; _module_preset=&#8221;default&#8221; parallax=&#8221;on&#8221; background_blend=&#8221;lighten&#8221; min_height=&#8221;1668.7px&#8221; custom_margin=&#8221;-146px|||||&#8221; global_colors_info=&#8221;{}&#8221;][et_pb_row use_custom_gutter=&#8221;on&#8221; _builder_version=&#8221;4.25.0&#8243; _module_preset=&#8221;default&#8221; width=&#8221;90%&#8221; min_height=&#8221;260px&#8221; global_colors_info=&#8221;{}&#8221;][et_pb_column type=&#8221;4_4&#8243; _builder_version=&#8221;4.25.0&#8243; _module_preset=&#8221;default&#8221; global_colors_info=&#8221;{}&#8221;][et_pb_gallery gallery_ids=&#8221;593,592,591,590&#8243; orientation=&#8221;portrait&#8221; show_title_and_caption=&#8221;off&#8221; _builder_version=&#8221;4.25.0&#8243; _module_preset=&#8221;default&#8221; custom_margin=&#8221;-5px||0px||false|false&#8221; custom_padding=&#8221;0px||0px||false|false&#8221; global_colors_info=&#8221;{}&#8221;][\/et_pb_gallery][et_pb_text _builder_version=&#8221;4.25.0&#8243; _module_preset=&#8221;default&#8221; global_colors_info=&#8221;{}&#8221;]<\/p>\n<p style=\"padding-left: 40px;\">\n<p style=\"text-align: justify;\"><strong>\u201eTanecznym krokiem w\u00a0niebieski \u015bwiat autyzmu\u201d<\/strong> &#8211; impreza charytatywna, kt\u00f3ra\u00a0funkcjonuje w\u00a0Cz\u0119stochowie ju\u017c od\u00a0wielu lat. Jest to\u00a0prawdziwa eksplozja energii. Maraton taneczny \u0142\u0105czy w\u00a0sobie elementy Zumby i\u00a0jest organizowany z\u00a0okazji \u015awiatowego Dnia \u015awiadomo\u015bci Autyzmu.<\/p>\n<p style=\"text-align: justify;\">Od\u00a02021r. to\u00a0wydarzenie powstaje \u015bci\u015ble we\u00a0wsp\u00f3\u0142pracy stowarzyszenia \u201eDaj mi\u00a0czas\u201d wraz z\u00a0\u201eZumba Sisters\u201d- Ewelin\u0105 Wychowaniec i\u00a0Ann\u0105 Kluczn\u0105, energicznymi instruktorkami zumby i\u00a0g\u0142\u00f3wnymi pomys\u0142odawczyniami tego projektu, kt\u00f3re anga\u017cuj\u0105 si\u0119 w\u00a0wiele event\u00f3w spo\u0142ecznych i\u00a0charytatywnych.<\/p>\n<p style=\"text-align: justify;\">Poprzednie edycje cieszy\u0142y si\u0119 ogromnym zainteresowaniem i\u00a0odbi\u0142y si\u0119 szerokim echem zar\u00f3wno w\u00a0mie\u015bcie, jak i\u00a0w\u00a0ca\u0142ej Polsce.<\/p>\n<p style=\"text-align: justify;\">[\/et_pb_text][\/et_pb_column][\/et_pb_row][et_pb_row _builder_version=&#8221;4.25.0&#8243; _module_preset=&#8221;default&#8221; global_colors_info=&#8221;{}&#8221;][et_pb_column type=&#8221;4_4&#8243; _builder_version=&#8221;4.25.0&#8243; _module_preset=&#8221;default&#8221; global_colors_info=&#8221;{}&#8221;][et_pb_gallery gallery_ids=&#8221;522,517,612,525,616,623,620,618,617,519,622,629,628,524,523,526,521&#8243; posts_number=&#8221;16&#8243; show_title_and_caption=&#8221;off&#8221; _builder_version=&#8221;4.25.0&#8243; _module_preset=&#8221;default&#8221; border_radii=&#8221;on|8px|8px|8px|8px&#8221; border_radii_image=&#8221;on|8px|8px|8px|8px&#8221; box_shadow_style_image=&#8221;preset3&#8243; global_colors_info=&#8221;{}&#8221;][\/et_pb_gallery][et_pb_text _builder_version=&#8221;4.25.0&#8243; _module_preset=&#8221;default&#8221; global_colors_info=&#8221;{}&#8221;]<\/p>\n<p style=\"text-align: justify;\"><strong>\u0179r\u00f3d\u0142a zdj\u0119\u0107:<\/strong><\/p>\n<table border=\"1\" style=\"border-collapse: collapse; width: 100%;\">\n<tbody>\n<tr>\n<td style=\"width: 33.333333%;\">Marek T\u0119cza<\/td>\n<td style=\"width: 33.333333%;\">Fotografia Aparatka<\/td>\n<td style=\"width: 33.333333%;\">Photozumba.poland<\/td>\n<\/tr>\n<\/tbody>\n<\/table>\n<p style=\"padding-left: 40px; text-align: justify;\">[\/et_pb_text][\/et_pb_column][\/et_pb_row][\/et_pb_section]<\/p>\n","protected":false},"excerpt":{"rendered":"<p>\u201eTanecznym krokiem w\u00a0niebieski \u015bwiat autyzmu\u201d &#8211; impreza charytatywna, kt\u00f3ra\u00a0funkcjonuje w\u00a0Cz\u0119stochowie ju\u017c od\u00a0wielu lat. Jest to\u00a0prawdziwa eksplozja energii. Maraton taneczny \u0142\u0105czy w\u00a0sobie elementy Zumby i\u00a0jest organizowany z\u00a0okazji \u015awiatowego Dnia \u015awiadomo\u015bci Autyzmu. Od\u00a02021r. to\u00a0wydarzenie powstaje \u015bci\u015ble we\u00a0wsp\u00f3\u0142pracy stowarzyszenia \u201eDaj mi\u00a0czas\u201d wraz z\u00a0\u201eZumba Sisters\u201d- Ewelin\u0105 Wychowaniec i\u00a0Ann\u0105 Kluczn\u0105, energicznymi instruktorkami zumby i\u00a0g\u0142\u00f3wnymi pomys\u0142odawczyniami tego projektu, kt\u00f3re anga\u017cuj\u0105 si\u0119 [&hellip;]<\/p>\n","protected":false},"author":1,"featured_media":0,"parent":0,"menu_order":0,"comment_status":"closed","ping_status":"closed","template":"","meta":{"_et_pb_use_builder":"on","_et_pb_old_content":"","_et_gb_content_width":"","footnotes":""},"class_list":["post-653","page","type-page","status-publish","hentry"],"_links":{"self":[{"href":"https:\/\/dajmiczas.pl\/index.php\/wp-json\/wp\/v2\/pages\/653","targetHints":{"allow":["GET"]}}],"collection":[{"href":"https:\/\/dajmiczas.pl\/index.php\/wp-json\/wp\/v2\/pages"}],"about":[{"href":"https:\/\/dajmiczas.pl\/index.php\/wp-json\/wp\/v2\/types\/page"}],"author":[{"embeddable":true,"href":"https:\/\/dajmiczas.pl\/index.php\/wp-json\/wp\/v2\/users\/1"}],"replies":[{"embeddable":true,"href":"https:\/\/dajmiczas.pl\/index.php\/wp-json\/wp\/v2\/comments?post=653"}],"version-history":[{"count":14,"href":"https:\/\/dajmiczas.pl\/index.php\/wp-json\/wp\/v2\/pages\/653\/revisions"}],"predecessor-version":[{"id":765,"href":"https:\/\/dajmiczas.pl\/index.php\/wp-json\/wp\/v2\/pages\/653\/revisions\/765"}],"wp:attachment":[{"href":"https:\/\/dajmiczas.pl\/index.php\/wp-json\/wp\/v2\/media?parent=653"}],"curies":[{"name":"wp","href":"https:\/\/api.w.org\/{rel}","templated":true}]}}