{"id":986,"date":"2026-02-09T09:43:49","date_gmt":"2026-02-09T09:43:49","guid":{"rendered":"https:\/\/dajmiczas.pl\/?page_id=986"},"modified":"2026-05-12T12:04:43","modified_gmt":"2026-05-12T12:04:43","slug":"sds-lakowa","status":"publish","type":"page","link":"https:\/\/dajmiczas.pl\/index.php\/sds-lakowa\/","title":{"rendered":"\u015aDS &#8211; LAKOWA"},"content":{"rendered":"<p>[et_pb_section fb_built=&#8221;1&#8243; next_background_color=&#8221;#ffffff&#8221; admin_label=&#8221;Header&#8221; _builder_version=&#8221;4.25.0&#8243; _module_preset=&#8221;default&#8221; background_color=&#8221;gcid-primary-color&#8221; use_background_color_gradient=&#8221;on&#8221; background_color_gradient_direction=&#8221;90deg&#8221; background_color_gradient_stops=&#8221;rgba(0,0,0,0) 50%|rgba(139,237,222,0.46) 82%&#8221; background_color_gradient_overlays_image=&#8221;on&#8221; background_color_gradient_start=&#8221;rgba(0,0,0,0)&#8221; background_color_gradient_start_position=&#8221;50%&#8221; background_color_gradient_end=&#8221;#92a5ab&#8221; background_color_gradient_end_position=&#8221;50%&#8221; background_image=&#8221;https:\/\/dajmiczas.pl\/wp-content\/uploads\/2024\/05\/estate-planning-77.png&#8221; background_position=&#8221;top_left&#8221; min_height=&#8221;618.6px&#8221; custom_margin=&#8221;||-128px|||&#8221; custom_padding=&#8221;||||false|false&#8221; bottom_divider_style=&#8221;slant&#8221; bottom_divider_height=&#8221;10vw&#8221; locked=&#8221;off&#8221; global_colors_info=&#8221;{%22gcid-primary-color%22:%91%22background_color%22%93}&#8221;][et_pb_row column_structure=&#8221;1_6,1_6,1_6,1_6,1_6,1_6&#8243; use_custom_gutter=&#8221;on&#8221; gutter_width=&#8221;1&#8243; _builder_version=&#8221;4.16&#8243; _module_preset=&#8221;default&#8221; min_height=&#8221;515.4px&#8221; custom_margin=&#8221;-96px|auto|-106px|auto|false|false&#8221; custom_padding=&#8221;83px||26px|||&#8221; locked=&#8221;off&#8221; global_colors_info=&#8221;{}&#8221;][et_pb_column type=&#8221;1_6&#8243; _builder_version=&#8221;4.16&#8243; _module_preset=&#8221;default&#8221; global_colors_info=&#8221;{}&#8221;][\/et_pb_column][et_pb_column type=&#8221;1_6&#8243; _builder_version=&#8221;4.16&#8243; _module_preset=&#8221;default&#8221; global_colors_info=&#8221;{}&#8221;][et_pb_image src=&#8221;https:\/\/dajmiczas.pl\/wp-content\/uploads\/2026\/02\/Lakowa-SDS.png&#8221; title_text=&#8221;Lakowa SDS&#8221; _builder_version=&#8221;4.25.0&#8243; _module_preset=&#8221;default&#8221; transform_scale=&#8221;136%|136%&#8221; z_index=&#8221;179&#8243; width=&#8221;217.4%&#8221; custom_margin=&#8221;|-23.8%||-120px|false|false&#8221; custom_margin_tablet=&#8221;|0%|||false|false&#8221; custom_margin_phone=&#8221;||-50%||false|false&#8221; custom_margin_last_edited=&#8221;on|tablet&#8221; custom_padding=&#8221;|50px||50px|false|false&#8221; border_radii=&#8221;on|1000px|1000px|1000px|1000px&#8221; global_colors_info=&#8221;{}&#8221;][\/et_pb_image][\/et_pb_column][et_pb_column type=&#8221;1_6&#8243; _builder_version=&#8221;4.25.0&#8243; _module_preset=&#8221;default&#8221; global_colors_info=&#8221;{}&#8221;][et_pb_image src=&#8221;https:\/\/dajmiczas.pl\/wp-content\/uploads\/2024\/05\/estate-planning-81.png&#8221; title_text=&#8221;estate-planning-81&#8243; _builder_version=&#8221;4.25.0&#8243; _module_preset=&#8221;default&#8221; transform_scale=&#8221;156%|156%&#8221; custom_margin=&#8221;-20%|-10%||-18%|false|false&#8221; custom_margin_tablet=&#8221;0%|0%||0%|false|false&#8221; custom_margin_phone=&#8221;||-50%||false|false&#8221; custom_margin_last_edited=&#8221;on|tablet&#8221; global_colors_info=&#8221;{}&#8221;][\/et_pb_image][\/et_pb_column][et_pb_column type=&#8221;1_6&#8243; _builder_version=&#8221;4.25.0&#8243; _module_preset=&#8221;default&#8221; global_colors_info=&#8221;{}&#8221;][\/et_pb_column][et_pb_column type=&#8221;1_6&#8243; _builder_version=&#8221;4.16&#8243; _module_preset=&#8221;default&#8221; global_colors_info=&#8221;{}&#8221;][\/et_pb_column][et_pb_column type=&#8221;1_6&#8243; _builder_version=&#8221;4.16&#8243; _module_preset=&#8221;default&#8221; global_colors_info=&#8221;{}&#8221;][\/et_pb_column][\/et_pb_row][\/et_pb_section][et_pb_section fb_built=&#8221;1&#8243; _builder_version=&#8221;4.25.0&#8243; _module_preset=&#8221;default&#8221; custom_padding=&#8221;0px|||||&#8221; global_colors_info=&#8221;{}&#8221;][et_pb_row _builder_version=&#8221;4.25.0&#8243; _module_preset=&#8221;default&#8221; background_color=&#8221;RGBA(255,255,255,0)&#8221; min_height=&#8221;1770px&#8221; border_color_all=&#8221;#0C71C3&#8243; global_colors_info=&#8221;{}&#8221;][et_pb_column type=&#8221;4_4&#8243; _builder_version=&#8221;4.25.0&#8243; _module_preset=&#8221;default&#8221; global_colors_info=&#8221;{}&#8221;][et_pb_text _builder_version=&#8221;4.25.0&#8243; _module_preset=&#8221;default&#8221; global_colors_info=&#8221;{}&#8221;]<\/p>\n<p style=\"text-align: center;\">\n<p style=\"text-align: center;\"><em><strong><\/strong><\/em><\/p>\n<p style=\"text-align: justify;\">Uczestnikami <em><strong>\u015arodowiskowego Domu Samopomocy typu A\u00a0i\u00a0B\u00a0przy ulicy Lakowej<\/strong><\/em> s\u0105\u00a0osoby z\u00a0przewlek\u0142\u0105 chorob\u0105 psychiczn\u0105 oraz\u00a0z\u00a0niepe\u0142nosprawno\u015bci\u0105 intelektualn\u0105. W\u00a0naszej plac\u00f3wce zatrudnieni s\u0105\u00a0instruktorzy-terapeuci, asystent osoby z\u00a0niepe\u0142nosprawno\u015bci\u0105, piel\u0119gniarka, fizjoterapeuta, psycholog, psychiatra oraz\u00a0pracownik socjalny.<\/p>\n<p style=\"text-align: justify;\">Podopieczni maj\u0105 mo\u017cliwo\u015b\u0107 wzi\u0119cia udzia\u0142u w:<\/p>\n<ul style=\"text-align: justify;\">\n<li style=\"text-align: left;\"><em>treningu umiej\u0119tno\u015bci samoobs\u0142ugi i\u00a0dba\u0142o\u015bci o\u00a0wygl\u0105d zewn\u0119trzny,<\/em><\/li>\n<li style=\"text-align: left;\"><em>treningu zaradno\u015bci \u017cyciowej oraz\u00a0funkcjonowania w\u00a0\u017cyciu codziennym,<\/em><\/li>\n<li style=\"text-align: left;\"><em>treningu umiej\u0119tno\u015bci spo\u0142ecznych i\u00a0interpersonalnych,<\/em><\/li>\n<li style=\"text-align: left;\"><em>treningu umiej\u0119tno\u015bci sp\u0119dzania czasu wolnego,<\/em><\/li>\n<li style=\"text-align: left;\"><em>terapii ruchowej,<\/em><\/li>\n<li style=\"text-align: left;\"><em>zaj\u0119ciach administracyjno-biurowych<\/em><\/li>\n<li style=\"text-align: left;\"><em>zaj\u0119ciach z\u00a0r\u0119kodzie\u0142a, artystycznych,<\/em><\/li>\n<li style=\"text-align: left;\"><em>zaj\u0119ciach kulinarnych.<\/em><\/li>\n<\/ul>\n<p style=\"text-align: justify;\">Ponadto, \u015bwiadczone jest poradnictwo psychologiczne i\u00a0socjalne.<\/p>\n<p style=\"text-align: justify;\">Nasza dzia\u0142alno\u015b\u0107 ma\u00a0na\u00a0celu m.in.\u00a0utrzymanie osoby w\u00a0jej naturalnym \u015brodowisku oraz\u00a0przeciwdzia\u0142anie szeroko rozumianemu wykluczeniu.<\/p>\n<p style=\"text-align: justify;\">Od\u00a02026 roku o\u015brodek prowadzony jest przez\u00a0Stowarzyszenie <em>Daj mi\u00a0czas.<\/em><\/p>\n<p style=\"text-align: justify;\"><em><strong>Zadania \u015arodowiskowego Domu Samopomocy typu A i B s\u0105 finansowane z bud\u017cetu pa\u0144stwa.<\/strong><\/em><\/p>\n<p>&nbsp;<\/p>\n<p>[\/et_pb_text][et_pb_text _builder_version=&#8221;4.25.0&#8243; _module_preset=&#8221;b3e3ff14-5f5c-4608-8ecf-1885ce3da7aa&#8221; header_font=&#8221;DM Serif Display||||||||&#8221; header_text_color=&#8221;#000000&#8243; header_font_size=&#8221;70px&#8221; header_line_height=&#8221;1.1em&#8221; custom_margin=&#8221;||10px||false|false&#8221; header_font_size_tablet=&#8221;40px&#8221; header_font_size_phone=&#8221;24px&#8221; header_font_size_last_edited=&#8221;on|desktop&#8221; global_colors_info=&#8221;{}&#8221;]<\/p>\n<h1 style=\"text-align: center;\"><span style=\"color: #008000;\">Aktualno\u015bci z&nbsp;\u015aDS przy ul.&nbsp;Lakowej<\/span><\/h1>\n<p>[\/et_pb_text][et_pb_divider color=&#8221;#0C71C3&#8243; divider_weight=&#8221;5px&#8221; _builder_version=&#8221;4.25.0&#8243; _module_preset=&#8221;default&#8221; background_color=&#8221;RGBA(255,255,255,0)&#8221; max_width=&#8221;50px&#8221; module_alignment=&#8221;center&#8221; custom_margin=&#8221;||0px||false|false&#8221; global_colors_info=&#8221;{}&#8221;][\/et_pb_divider][et_pb_blog fullwidth=&#8221;off&#8221; include_categories=&#8221;25&#8243; show_author=&#8221;off&#8221; show_date=&#8221;off&#8221; show_categories=&#8221;off&#8221; _builder_version=&#8221;4.25.0&#8243; _module_preset=&#8221;default&#8221; border_radii=&#8221;on|22px|22px|22px|22px&#8221; box_shadow_style=&#8221;preset3&#8243; box_shadow_horizontal=&#8221;3px&#8221; box_shadow_vertical=&#8221;-4px&#8221; box_shadow_blur=&#8221;43px&#8221; global_colors_info=&#8221;{}&#8221;][\/et_pb_blog][et_pb_divider color=&#8221;#000000&#8243; divider_weight=&#8221;5px&#8221; _builder_version=&#8221;4.25.0&#8243; _module_preset=&#8221;default&#8221; max_width=&#8221;50px&#8221; module_alignment=&#8221;center&#8221; custom_margin=&#8221;||0px||false|false&#8221; global_colors_info=&#8221;{}&#8221;][\/et_pb_divider][\/et_pb_column][\/et_pb_row][\/et_pb_section]<\/p>\n","protected":false},"excerpt":{"rendered":"<p>Uczestnikami \u015arodowiskowego Domu Samopomocy typu A\u00a0i\u00a0B\u00a0przy ulicy Lakowej s\u0105\u00a0osoby z\u00a0przewlek\u0142\u0105 chorob\u0105 psychiczn\u0105 oraz\u00a0z\u00a0niepe\u0142nosprawno\u015bci\u0105 intelektualn\u0105. W\u00a0naszej plac\u00f3wce zatrudnieni s\u0105\u00a0instruktorzy-terapeuci, asystent osoby z\u00a0niepe\u0142nosprawno\u015bci\u0105, piel\u0119gniarka, fizjoterapeuta, psycholog, psychiatra oraz\u00a0pracownik socjalny. Podopieczni maj\u0105 mo\u017cliwo\u015b\u0107 wzi\u0119cia udzia\u0142u w: treningu umiej\u0119tno\u015bci samoobs\u0142ugi i\u00a0dba\u0142o\u015bci o\u00a0wygl\u0105d zewn\u0119trzny, treningu zaradno\u015bci \u017cyciowej oraz\u00a0funkcjonowania w\u00a0\u017cyciu codziennym, treningu umiej\u0119tno\u015bci spo\u0142ecznych i\u00a0interpersonalnych, treningu umiej\u0119tno\u015bci sp\u0119dzania czasu wolnego, terapii [&hellip;]<\/p>\n","protected":false},"author":2,"featured_media":0,"parent":0,"menu_order":0,"comment_status":"closed","ping_status":"closed","template":"","meta":{"_et_pb_use_builder":"on","_et_pb_old_content":"","_et_gb_content_width":"","footnotes":""},"class_list":["post-986","page","type-page","status-publish","hentry"],"_links":{"self":[{"href":"https:\/\/dajmiczas.pl\/index.php\/wp-json\/wp\/v2\/pages\/986","targetHints":{"allow":["GET"]}}],"collection":[{"href":"https:\/\/dajmiczas.pl\/index.php\/wp-json\/wp\/v2\/pages"}],"about":[{"href":"https:\/\/dajmiczas.pl\/index.php\/wp-json\/wp\/v2\/types\/page"}],"author":[{"embeddable":true,"href":"https:\/\/dajmiczas.pl\/index.php\/wp-json\/wp\/v2\/users\/2"}],"replies":[{"embeddable":true,"href":"https:\/\/dajmiczas.pl\/index.php\/wp-json\/wp\/v2\/comments?post=986"}],"version-history":[{"count":14,"href":"https:\/\/dajmiczas.pl\/index.php\/wp-json\/wp\/v2\/pages\/986\/revisions"}],"predecessor-version":[{"id":1175,"href":"https:\/\/dajmiczas.pl\/index.php\/wp-json\/wp\/v2\/pages\/986\/revisions\/1175"}],"wp:attachment":[{"href":"https:\/\/dajmiczas.pl\/index.php\/wp-json\/wp\/v2\/media?parent=986"}],"curies":[{"name":"wp","href":"https:\/\/api.w.org\/{rel}","templated":true}]}}